{"id":1728,"date":"2026-02-26T16:13:36","date_gmt":"2026-02-26T16:13:36","guid":{"rendered":"https:\/\/www.gobernaciones.gov.py\/guaira\/?page_id=1728"},"modified":"2026-04-17T12:23:05","modified_gmt":"2026-04-17T12:23:05","slug":"ley-n-5282-2014","status":"publish","type":"page","link":"https:\/\/www.gobernaciones.gov.py\/guaira\/ley-n-5282-2014\/","title":{"rendered":"LEY N\u00b0 5282 \/ 2014"},"content":{"rendered":"<h5><strong>\u00a0 \u00a0 \u00a0 \u00a0 \u00a0 \u00a0 \u00a0\u00abDE LIBRE ACCESO CIUDADANO A LA INFORMACI\u00d3N P\u00daBLICA <\/strong><strong>Y TRANSPARENCIA GUBERNAMENTAL\u00bb<\/strong><\/h5>\n<h5>\u00a0 \u00a0 \u00a0 \u00a0 \u00a0 \u00a0 \u00a0 \u00a0 \u00a0 \u00a0 \u00a0 \u00a0EL GOBIERNO DEPARTAMENTAL DE GUAIR\u00c1,<strong>\u00a0da cumplimiento a lo establecido en el Art. 8\u00b0<\/strong> :<\/h5>\n<p>a) Su estructura org\u00e1nica;<\/p>\n<p><a href=\"https:\/\/www.gobernaciones.gov.py\/guaira\/wp-content\/uploads\/sites\/49\/2026\/03\/Estructura-Organica-Gobernacion-Guaira.pdf\">Estructura Org\u00e1nica del Gobierno Departamental de Guair\u00e1.-<\/a><\/p>\n<p><a href=\"https:\/\/www.gobernaciones.gov.py\/guaira\/wp-content\/uploads\/sites\/49\/2026\/03\/Resolucion-N\u00b0-03.2010-Que-Aprueba-la-Estructura-Organica.pdf\">Resoluci\u00f3n N\u00b0 03.2010 Que Aprueba la Estructura Org\u00e1nica.-<\/a><\/p>\n<p><a href=\"https:\/\/www.gobernaciones.gov.py\/guaira\/wp-content\/uploads\/sites\/49\/2026\/03\/Resolucion-N\u00b0-03.2015-Que-modifica-la-Estructura-Organica.pdf\">Resoluci\u00f3n N\u00b0 03.2015 Que modifica la Estructura Org\u00e1nica.-<\/a><\/p>\n<p>b) Las facultades, deberes, funciones y\/o atribuciones de sus \u00f3rganos y dependencias internas;<\/p>\n<p><a href=\"https:\/\/www.gobernaciones.gov.py\/guaira\/wp-content\/uploads\/sites\/49\/2016\/02\/FUNCIONES-DE-CADA-DEPENDENCIA.pdf\">Funciones de cada Secretar\u00eda y Dependencia.-<\/a><\/p>\n<p>c) Todo el marco normativo que rija su funcionamiento y las normas constitucionales, legales de alcance nacional o local y reglamentario cuya aplicaci\u00f3n est\u00e9 a su cargo;<\/p>\n<p><a href=\"https:\/\/www.gobernaciones.gov.py\/guaira\/wp-content\/uploads\/sites\/49\/2026\/03\/Constitucion-Nacional-Articulo-N\u00b0-161.pdf\">Constituci\u00f3n Nacional Art\u00edculo N\u00b0 161 y siguientes.-<\/a><\/p>\n<p><a href=\"https:\/\/www.gobernaciones.gov.py\/guaira\/wp-content\/uploads\/sites\/49\/2026\/03\/LEY-N\u00b0-426-CARTA-ORGANICA-DEL-GOBIERNO-DEPARTAMENTAL.pdf\">Ley N\u00b0 426 \u00abCarta Org\u00e1nica del Gobierno Departamental.-<\/a><\/p>\n<p>d) Una descripci\u00f3n general de c\u00f3mo funciona y cu\u00e1l es el proceso de toma de decisiones;<\/p>\n<p>e) El listado actualizado de todas las personas que cumplan una funci\u00f3n p\u00fablica o sean funcionarios p\u00fablicos, con indicaci\u00f3n de sus n\u00fameros de c\u00e9dula de identidad civil, las funciones que realizan, los salarios u honorarios que perciben en forma mensual, incluyendo todos los adicionales, prestaciones complementarias y\/o vi\u00e1ticos;<\/p>\n<p><a href=\"https:\/\/www.gobernaciones.gov.py\/guaira\/wp-content\/uploads\/sites\/49\/2026\/02\/GOBGUAIRA_ENERO2026.pdf\">N\u00d3MINA DE FUNCIONARIOS DE LA GOBERNACI\u00d3N DE GUAIR\u00c1 &#8211; ENERO 2.026.-<\/a><\/p>\n<p><a href=\"https:\/\/www.gobernaciones.gov.py\/guaira\/wp-content\/uploads\/sites\/49\/2026\/03\/GOBGUAIRA_FEBRERO2026.pdf\">N\u00d3MINA DE FUNCIONARIOS DE LA GOBERNACI\u00d3N DE GUAIR\u00c1 &#8211; FEBRERO 2.026.-<\/a><\/p>\n<p><a href=\"https:\/\/www.gobernaciones.gov.py\/guaira\/wp-content\/uploads\/sites\/49\/2026\/04\/GOBGUAIRA_MARZO2026.pdf\">N\u00d3MINA DE FUNCIONARIOS DE LA GOBERNACI\u00d3N DE GUAIR\u00c1 &#8211; MARZO 2.026.-<\/a><\/p>\n<p>f) Descripci\u00f3n de la pol\u00edtica institucional y de los planes de acci\u00f3n;<\/p>\n<p><a href=\"https:\/\/www.gobernaciones.gov.py\/guaira\/wp-content\/uploads\/sites\/49\/2026\/03\/Resolucion-Aprobacion-del-PEI-2025-2028.pdf\">Resoluci\u00f3n Aprobaci\u00f3n del PEI 2025-2028.-<\/a><\/p>\n<p><a href=\"https:\/\/www.gobernaciones.gov.py\/guaira\/wp-content\/uploads\/sites\/49\/2026\/03\/Resolucion-Aprobacion-POA2025.pdf\">Resoluci\u00f3n Aprobaci\u00f3n POA2025.-<\/a><\/p>\n<p>h) Informes de auditor\u00eda;<\/p>\n<p><a href=\"https:\/\/www.gobernaciones.gov.py\/guaira\/wp-content\/uploads\/sites\/49\/2026\/03\/Informes-de-Auditoria-1\u00b0-semestre-2026-Anexo-UTA.pdf\">Informes de Auditoria 1\u00b0 semestre 2026 &#8211; Anexo UTA.-<\/a><\/p>\n<p>g) Descripci\u00f3n de los programas institucionales en ejecuci\u00f3n, con la definici\u00f3n de metas, el grado de ejecuci\u00f3n de las mismas y el presupuesto aplicado a dichos programas, publicando trimestralmente informes de avance de resultados;<\/p>\n<p><a href=\"https:\/\/www.gobernaciones.gov.py\/guaira\/wp-content\/uploads\/sites\/49\/2026\/03\/Resolucion-de-Nande-Reko-Pora.pdf\">Resoluci\u00f3n de \u00d1ande Reko Por\u00e3.-<\/a><\/p>\n<p>h) Informes de auditor\u00eda;<\/p>\n<p>i) Informes de los viajes oficiales realizados dentro del territorio de la Rep\u00fablica o al extranjero;<\/p>\n<p><a href=\"https:\/\/www.gobernaciones.gov.py\/guaira\/wp-content\/uploads\/sites\/49\/2026\/02\/PLANILLA-DE-VIATICOS-ENERO-2.026.-.pdf\">PLANILLA DE VI\u00c1TICOS &#8211; ENERO 2.026.-<\/a><\/p>\n<p><a href=\"https:\/\/www.gobernaciones.gov.py\/guaira\/wp-content\/uploads\/sites\/49\/2026\/03\/PLANILLA-DE-VIATICOS-FEBRERO-2.026.-.pdf\">PLANILLA DE VI\u00c1TICOS &#8211; FEBRERO 2.026.-<\/a><\/p>\n<p><a href=\"https:\/\/www.gobernaciones.gov.py\/guaira\/wp-content\/uploads\/sites\/49\/2026\/04\/PLANILLA-DE-VIATICOS-MARZO-2.026.-.pdf\">PLANILLA DE VI\u00c1TICOS &#8211; MARZO 2.026.-<\/a><\/p>\n<p><a href=\"https:\/\/www.gobernaciones.gov.py\/guaira\/wp-content\/uploads\/sites\/49\/2026\/04\/INFORME-FINAL-DE-LOS-VIAJES-REALIZADOS-POR-LOS-FUNCIONARIOS-MARZO-2.026.-.pdf\">INFORME FINAL DE LOS VIAJES REALIZADOS POR LOS FUNCIONARIOS &#8211; MARZO 2.026.-<\/a><\/p>\n<p>j) Convenios y contratos celebrados, fecha de celebraci\u00f3n, objeto, monto total de la contrataci\u00f3n, plazos de ejecuci\u00f3n, mecanismos de control y rendici\u00f3n de cuentas y, en su caso, estudios de impacto ambiental y\/o planes de gesti\u00f3n ambiental;<\/p>\n<p><a href=\"https:\/\/www.gobernaciones.gov.py\/guaira\/wp-content\/uploads\/sites\/49\/2026\/03\/CONVENIOS.pdf\">Convenios celebrados por la Gobernaci\u00f3n.-<\/a><\/p>\n<p>k) Cartas oficiales;<\/p>\n<p><a href=\"https:\/\/www.gobernaciones.gov.py\/guaira\/wp-content\/uploads\/sites\/49\/2026\/03\/NOTA-NSG-020-GOBERNACION-GUAIRA.pdf\">NOTA NSG 020 GOBERNACION GUAIRA.-<\/a><\/p>\n<p><a href=\"https:\/\/www.gobernaciones.gov.py\/guaira\/wp-content\/uploads\/sites\/49\/2026\/03\/NOTA-NSG-024-GOBERNACION-GUAIRA.pdf\">NOTA NSG 024 GOBERNACION GUAIRA.-<\/a><\/p>\n<p><a href=\"https:\/\/www.gobernaciones.gov.py\/guaira\/wp-content\/uploads\/sites\/49\/2026\/03\/NOTA-NSG-032-GOBERNACION-GUAIRA.pdf\">NOTA NSG 032 GOBERNACION GUAIRA.-<\/a><\/p>\n<p>l) Informes finales de consultor\u00edas;<\/p>\n<p>m) Cuadros de resultados;<\/p>\n<p><a href=\"https:\/\/www.gobernaciones.gov.py\/guaira\/wp-content\/uploads\/sites\/49\/2026\/03\/Cuadro-de-Resultado-2025.pdf\">Cuadro de Resultados 2025.-<\/a><\/p>\n<p>n) Lista de poderes vigentes otorgados a abogados;<\/p>\n<p><a href=\"https:\/\/www.gobernaciones.gov.py\/guaira\/wp-content\/uploads\/sites\/49\/2026\/03\/poder-abogado.pdf\">Poder vigente.-<\/a><\/p>\n<p>o) Sistema de mantenimiento, clasificaci\u00f3n e \u00edndice de los documentos existentes;<\/p>\n<p>p) Descripci\u00f3n de los procedimientos previstos para que las personas interesadas puedan acceder a los documentos que obren en su poder, incluyendo el lugar donde est\u00e1n archivados y el nombre del funcionario responsable; y,<\/p>\n<p><a href=\"https:\/\/www.gobernaciones.gov.py\/guaira\/wp-content\/uploads\/sites\/49\/2026\/03\/PROCEDIMIENTOS-PARA-ACCESO-A-LA-INFORMACION-PUBLICA-DOCUMENTAL.pdf\">Procedimientos para Acceso a la Informaci\u00f3n p\u00fablica documental.-<\/a><\/p>\n<p>q) Mecanismos de participaci\u00f3n ciudadana.<\/p>\n<p>&nbsp;<\/p>\n","protected":false},"excerpt":{"rendered":"<p>\u00a0 \u00a0 \u00a0 \u00a0 \u00a0 \u00a0 \u00a0\u00abDE LIBRE ACCESO CIUDADANO A LA INFORMACI\u00d3N P\u00daBLICA Y TRANSPARENCIA GUBERNAMENTAL\u00bb \u00a0 \u00a0 \u00a0 \u00a0 \u00a0 \u00a0 \u00a0 \u00a0 \u00a0 \u00a0 \u00a0 \u00a0EL GOBIERNO DEPARTAMENTAL DE GUAIR\u00c1,\u00a0da cumplimiento a lo establecido en el Art. 8\u00b0 : a) Su estructura org\u00e1nica; Estructura Org\u00e1nica del Gobierno Departamental de Guair\u00e1.- Resoluci\u00f3n N\u00b0 &#8230; <a title=\"LEY N\u00b0 5282 \/ 2014\" class=\"read-more\" href=\"https:\/\/www.gobernaciones.gov.py\/guaira\/ley-n-5282-2014\/\" aria-label=\"Leer m\u00e1s sobre LEY N\u00b0 5282 \/ 2014\">Leer Mas&#8230;<\/a><\/p>\n","protected":false},"author":4,"featured_media":0,"parent":0,"menu_order":0,"comment_status":"closed","ping_status":"closed","template":"","meta":{"generate_page_header":"","footnotes":""},"class_list":["post-1728","page","type-page","status-publish"],"_links":{"self":[{"href":"https:\/\/www.gobernaciones.gov.py\/guaira\/wp-json\/wp\/v2\/pages\/1728","targetHints":{"allow":["GET"]}}],"collection":[{"href":"https:\/\/www.gobernaciones.gov.py\/guaira\/wp-json\/wp\/v2\/pages"}],"about":[{"href":"https:\/\/www.gobernaciones.gov.py\/guaira\/wp-json\/wp\/v2\/types\/page"}],"author":[{"embeddable":true,"href":"https:\/\/www.gobernaciones.gov.py\/guaira\/wp-json\/wp\/v2\/users\/4"}],"replies":[{"embeddable":true,"href":"https:\/\/www.gobernaciones.gov.py\/guaira\/wp-json\/wp\/v2\/comments?post=1728"}],"version-history":[{"count":11,"href":"https:\/\/www.gobernaciones.gov.py\/guaira\/wp-json\/wp\/v2\/pages\/1728\/revisions"}],"predecessor-version":[{"id":1779,"href":"https:\/\/www.gobernaciones.gov.py\/guaira\/wp-json\/wp\/v2\/pages\/1728\/revisions\/1779"}],"wp:attachment":[{"href":"https:\/\/www.gobernaciones.gov.py\/guaira\/wp-json\/wp\/v2\/media?parent=1728"}],"curies":[{"name":"wp","href":"https:\/\/api.w.org\/{rel}","templated":true}]}}