{"id":2,"date":"2016-02-10T12:24:49","date_gmt":"2016-02-10T12:24:49","guid":{"rendered":"https:\/\/www.gobernaciones.gov.py\/guaira\/?page_id=2"},"modified":"2016-03-10T13:57:27","modified_gmt":"2016-03-10T13:57:27","slug":"pagina-ejemplo","status":"publish","type":"page","link":"https:\/\/www.gobernaciones.gov.py\/guaira\/","title":{"rendered":"Informaci\u00f3n"},"content":{"rendered":"<h2 style=\"text-align: center\">Informaci\u00f3n sobre el Departamento<\/h2>\n<p style=\"text-align: justify\"><img loading=\"lazy\" decoding=\"async\" class=\"aligncenter size-full wp-image-16\" src=\"https:\/\/www.gobernaciones.gov.py\/guaira\/wp-content\/uploads\/sites\/49\/2016\/02\/m_guaira.jpg\" alt=\"m_guaira\" width=\"768\" height=\"827\" srcset=\"https:\/\/www.gobernaciones.gov.py\/guaira\/wp-content\/uploads\/sites\/49\/2016\/02\/m_guaira.jpg 768w, https:\/\/www.gobernaciones.gov.py\/guaira\/wp-content\/uploads\/sites\/49\/2016\/02\/m_guaira-279x300.jpg 279w\" sizes=\"auto, (max-width: 768px) 100vw, 768px\" \/><\/p>\n<p style=\"text-align: justify\"><strong>Terrestre:<\/strong> La ruta 8 \u00abBlas Garay\u00bb, pavimentada hasta Caazap\u00e1, atraviesa de Norte a Sur el departamento. Al Sur del \u00e1rea urbana de \u00d1um\u00ed parte un ramal pavimentado hasta San Juan Nepomuceno. La ruta asfaltada \u00abManuel Ortiz Guerrero\u00bb une Villarrica con Paraguar\u00ed y de all\u00ed por la ruta 1 se llega a Asunci\u00f3n. Un ramal pavimentado de 50 km va de Mbocayaty a Independencia. Tambi\u00e9n se cuenta con un ramal asfaltado desde la ruta 7 atravesando los distritos de\u00a0 Mauricio Jos\u00e9 Troche y Natalicio Talavera y de all\u00ed al Este hacia Independencia o al Oeste a Mbocayaty. Adem\u00e1s, Yataity est\u00e1 conectada a la ruta 8 mediante dos cortos accesos asfaltados. Guair\u00e1 cuenta tambi\u00e9n con otras carreteras que unen los varios distritos del departamento.<\/p>\n<p style=\"text-align: justify\"><strong>A\u00e9rea:<\/strong> Escaso movimiento de aeronaves por la buena accesibilidad terrestre.<\/p>\n<p style=\"text-align: justify\"><strong>Fluvial: <\/strong>El r\u00edo Tebicuary-m\u00ed es navegable con embarcaciones peque\u00f1as.<\/p>\n<h2 style=\"text-align: center\">Atractivos Tur\u00edsticos Naturales<\/h2>\n<p style=\"text-align: justify\"><img loading=\"lazy\" decoding=\"async\" class=\"aligncenter size-large wp-image-17\" src=\"https:\/\/www.gobernaciones.gov.py\/guaira\/wp-content\/uploads\/sites\/49\/2016\/02\/sitiosavisitar12-747x1024.jpg\" alt=\"sitiosavisitar12\" width=\"747\" height=\"1024\" srcset=\"https:\/\/www.gobernaciones.gov.py\/guaira\/wp-content\/uploads\/sites\/49\/2016\/02\/sitiosavisitar12-747x1024.jpg 747w, https:\/\/www.gobernaciones.gov.py\/guaira\/wp-content\/uploads\/sites\/49\/2016\/02\/sitiosavisitar12-219x300.jpg 219w, https:\/\/www.gobernaciones.gov.py\/guaira\/wp-content\/uploads\/sites\/49\/2016\/02\/sitiosavisitar12-768x1052.jpg 768w, https:\/\/www.gobernaciones.gov.py\/guaira\/wp-content\/uploads\/sites\/49\/2016\/02\/sitiosavisitar12.jpg 832w\" sizes=\"auto, (max-width: 747px) 100vw, 747px\" \/><\/p>\n<p style=\"text-align: justify\"><strong>La Cordillera<\/strong><strong> del Ybytyruz\u00fa<\/strong><\/p>\n<p style=\"text-align: justify\">Es una regi\u00f3n de gran valor biol\u00f3gico y con mucho potencial para las diferentes modalidades del turismo de naturaleza (turismo de aventura, ecol\u00f3gico y de camping, turismo rural comunitario y otras). Se destacan saltos de agua escondidos en los bosques y los cerros de mayor altura del pa\u00eds. Sus atractivos naturales m\u00e1s recomendados son: Salto Suizo, Cerro de la Cruz, Cerro Akat\u00ed, Cerro Cor\u00e1, It\u00e1 Letra, It\u00e1 Coty, Salto San Vicente, Salto Cantera, Salto Pa&#8217;i, Salto Myju&#8217;i, Parque Ybytyruz\u00fa, Drag\u00f3n de Piedra, Cerro Per\u00f3, Cerro Tres Kand\u00fa.<\/p>\n<p style=\"text-align: justify\"><strong>Reserva de Recursos Manejados Yvytyrusu y su \u00e1rea de influencia<\/strong><\/p>\n<p style=\"text-align: justify\"><strong>Cerro Tres Kand\u00fa:<\/strong> Es el m\u00e1s alto del Paraguay (842 m). Por un sendero se llega hasta la cima desde donde se puede contemplar toda la regi\u00f3n. Esta zona es administrada por Naturaleza Pura S.A. y Asociados. \u00c1rea de camping. Visitas s\u00f3lo previa reserva (0982)759121 \/ (021)223128.<\/p>\n<p style=\"text-align: justify\"><strong>Cerro Akat\u00ed:<\/strong> Cuenta con un acceso no pavimentado hasta la cima. All\u00ed se disfruta de un bello paisaje de la localidad de Toror\u00f3 y de toda la regi\u00f3n. (0982)379706. A lo largo de la ruta que va de Melgarejo (\u00e1rea urbana de Independencia) hasta el Cerro Akat\u00ed, se encuentran varios sitios de descanso con atractivos saltos y arroyos.<\/p>\n<p style=\"text-align: justify\"><strong>Sendero Salto Suizo\u00a0 &#8211; Cerro de la Cruz:<\/strong> Sendero hasta el Salto Suizo, una ca\u00edda de agua de 40 m, para descansar y continuar el sendero hasta el Cerro de la Cruz de 555 m de altura, desde donde se disfruta de la vegetaci\u00f3n y un bello panorama de la regi\u00f3n. (0983)601570.<\/p>\n<p style=\"text-align: justify\"><strong>Sendero Cerro Cor\u00e1<\/strong>: Acceso desde la Granja Francisca, ubicada en la porci\u00f3n Este de la Reserva de Recursos Manejados Yvytyrusu. El ascenso y el descenso son actividades muy exigentes y se recomienda s\u00f3lo para aquellas personas en buenas condiciones f\u00edsicos. Pero el esfuerzo es recompensado con uno de los mejores paisajes del Yvytyrusu. Granja Francisca (0981)548626 \/ (0975)402439<\/p>\n<p style=\"text-align: justify\"><strong>It\u00e1 Letra:<\/strong> Refugio de roca donde se hallan signos en las piedras. Se encuentra en la comunidad de Toror\u00f3, junto al arroyo del mismo nombre, en el extremo Este del camino de piedras y tierra que atraviesa la Cordillera de Ybytyruz\u00fa. A poca distancia se encuentra una particular formaci\u00f3n rocosa que asemeja a un dinosaurio, un lagarto o un felino acostado. Un sendero conduce desde It\u00e1 Letra hasta la cima del Cerro Akat\u00ed.<\/p>\n<h2 style=\"text-align: center\">Atractivos Tur\u00edsticos Culturales<\/h2>\n<p style=\"text-align: justify\"><img loading=\"lazy\" decoding=\"async\" class=\"aligncenter size-full wp-image-15\" src=\"https:\/\/www.gobernaciones.gov.py\/guaira\/wp-content\/uploads\/sites\/49\/2016\/02\/cultura.jpg\" alt=\"cultura\" width=\"533\" height=\"800\" srcset=\"https:\/\/www.gobernaciones.gov.py\/guaira\/wp-content\/uploads\/sites\/49\/2016\/02\/cultura.jpg 533w, https:\/\/www.gobernaciones.gov.py\/guaira\/wp-content\/uploads\/sites\/49\/2016\/02\/cultura-200x300.jpg 200w\" sizes=\"auto, (max-width: 533px) 100vw, 533px\" \/><\/p>\n<p style=\"text-align: justify\"><strong>Antiguas Estaciones del Ferrocarril<\/strong><\/p>\n<p style=\"text-align: justify\">En 1889, luego de cinco a\u00f1os de trabajo se concret\u00f3 la prolongaci\u00f3n de las v\u00edas del ferrocarril de Paraguar\u00ed a Villarrica. Este hecho marc\u00f3 el inicio de un despegue econ\u00f3mico para toda la regi\u00f3n, m\u00e1s a\u00fan cuando se realiz\u00f3 la conexi\u00f3n ferroviaria hasta Encarnaci\u00f3n. Hoy las estaciones del ferrocarril del Guair\u00e1 son verdaderos hitos con m\u00e1s de 100 a\u00f1os de historia. Las visitas son recomendadas para los amantes de la historia del ferrocarril y de las artes (pintura, fotograf\u00eda y otras). Las estaciones son: Tebicuary, Hyaty (hoy llamada F\u00e9lix P\u00e9rez Cardozo), Villarrica, San Salvador, Iturbe, \u00d1um\u00ed, Gral. Garay, Fassardi.<\/p>\n<p style=\"text-align: justify\"><strong>MUSEOS, IGLESIAS, CASONAS ANTIGUAS Y OTROS SITIOS DE INTER\u00c9S.<\/strong><\/p>\n<p style=\"text-align: justify\"><strong>Villarrica<\/strong><\/p>\n<ul>\n<li style=\"text-align: justify\"><strong>Museo Municipal Maestro Ferm\u00edn L\u00f3pez<\/strong>. El edificio era una escuela de ni\u00f1os entre 1842 y 1867. El maestro Ferm\u00edn L\u00f3pez acudi\u00f3 con un grupo de alumnos a defender la ciudad de Piribebuy y ofrecer sus vidas por la patria el 12 de agosto de 1869. Es museo desde 1972. Direcci\u00f3n: Natalicio Talavera y Juan Pablo II. (0541)41521. Horario: Lunes a Viernes de 07:00 a 18:00. S\u00e1bados: 08:00 a 12:00.<\/li>\n<li style=\"text-align: justify\"><strong>Catedral de Villarrica<\/strong>: Finalizada en 1891. Es catedral desde 1932. La torre cuenta con un reloj y tres campanas (la m\u00e1s antigua es de 1781).<\/li>\n<li style=\"text-align: justify\"><strong>Iglesia de Ybaroty (Parroquia de Nuestra Se\u00f1ora de la Asunci\u00f3n)<\/strong>. Fue inaugurada en 1957. La fachada principal asemeja a una catedral g\u00f3tica.<\/li>\n<li style=\"text-align: justify\"><strong>Club El Porvenir Guaire\u00f1o<\/strong> (1917-1919). Fue declarado patrimonio arquitect\u00f3nico, cultural e hist\u00f3rico de la ciudad de Villarrica en 2005.<\/li>\n<li style=\"text-align: justify\"><strong>Palacete Municipal y Teatro<\/strong> (1907-1913).<\/li>\n<li style=\"text-align: justify\"><strong>Otras antiguas edificaciones<\/strong>: Banco\u00a0 Nacional de Fomento, Casa de la Juventud, Escuela\u00a0 y casa de Ram\u00f3n Indalecio Cardozo, Casa Antonio Taboada, Casa Mussi, Casa Boettner\u00a0 Balans\u00e1, Casa Alderete Guggiari, Club de Leones de Villarrica, Casa Friedman Echauri y otras.<\/li>\n<li style=\"text-align: justify\">Plaza de los H\u00e9roes y Plaza de la Libertad.<\/li>\n<li style=\"text-align: justify\">Feria Agropecuaria y Artesanal \u00abLa Amistad\u00bb Plaza de Libertad: Martes y viernes.<\/li>\n<\/ul>\n","protected":false},"excerpt":{"rendered":"<p>Informaci\u00f3n sobre el Departamento Terrestre: La ruta 8 \u00abBlas Garay\u00bb, pavimentada hasta Caazap\u00e1, atraviesa de Norte a Sur el departamento. Al Sur del \u00e1rea urbana de \u00d1um\u00ed parte un ramal pavimentado hasta San Juan Nepomuceno. La ruta asfaltada \u00abManuel Ortiz Guerrero\u00bb une Villarrica con Paraguar\u00ed y de all\u00ed por la ruta 1 se llega a &#8230; <a title=\"Informaci\u00f3n\" class=\"read-more\" href=\"https:\/\/www.gobernaciones.gov.py\/guaira\/\" aria-label=\"Leer m\u00e1s sobre Informaci\u00f3n\">Leer Mas&#8230;<\/a><\/p>\n","protected":false},"author":44,"featured_media":0,"parent":0,"menu_order":0,"comment_status":"closed","ping_status":"open","template":"","meta":{"generate_page_header":"","footnotes":""},"class_list":["post-2","page","type-page","status-publish"],"_links":{"self":[{"href":"https:\/\/www.gobernaciones.gov.py\/guaira\/wp-json\/wp\/v2\/pages\/2","targetHints":{"allow":["GET"]}}],"collection":[{"href":"https:\/\/www.gobernaciones.gov.py\/guaira\/wp-json\/wp\/v2\/pages"}],"about":[{"href":"https:\/\/www.gobernaciones.gov.py\/guaira\/wp-json\/wp\/v2\/types\/page"}],"author":[{"embeddable":true,"href":"https:\/\/www.gobernaciones.gov.py\/guaira\/wp-json\/wp\/v2\/users\/44"}],"replies":[{"embeddable":true,"href":"https:\/\/www.gobernaciones.gov.py\/guaira\/wp-json\/wp\/v2\/comments?post=2"}],"version-history":[{"count":29,"href":"https:\/\/www.gobernaciones.gov.py\/guaira\/wp-json\/wp\/v2\/pages\/2\/revisions"}],"predecessor-version":[{"id":215,"href":"https:\/\/www.gobernaciones.gov.py\/guaira\/wp-json\/wp\/v2\/pages\/2\/revisions\/215"}],"wp:attachment":[{"href":"https:\/\/www.gobernaciones.gov.py\/guaira\/wp-json\/wp\/v2\/media?parent=2"}],"curies":[{"name":"wp","href":"https:\/\/api.w.org\/{rel}","templated":true}]}}