{"id":50,"date":"2016-02-10T14:51:20","date_gmt":"2016-02-10T14:51:20","guid":{"rendered":"https:\/\/www.gobernaciones.gov.py\/guaira\/?page_id=50"},"modified":"2026-01-30T12:04:02","modified_gmt":"2026-01-30T12:04:02","slug":"junta-departamental","status":"publish","type":"page","link":"https:\/\/www.gobernaciones.gov.py\/guaira\/junta-departamental\/","title":{"rendered":"Junta Departamental"},"content":{"rendered":"<p><strong>Presidente de la Junta Departamental<\/strong><\/p>\n<p style=\"text-align: left\">Rub\u00e9n Alejandro Fanego Bogado (ANR)<\/p>\n<p style=\"text-align: left\"><strong>\u00a0Miembros Concejales Departamentales:<\/strong><br \/>\n1- Arnaldo Ram\u00f3n Ferreira Gonz\u00e1lez (ANR)<br \/>\n2- Rub\u00e9n Alejandro Fanego Bogado (ANR)<br \/>\n3- Ana Leticia Neuman Ben\u00edtez (PLRA)<br \/>\n4- Carlos Fernando Marzal Cardozo (ANR)<br \/>\n5- Marcos Antonio Rivas Villagra (ANR)<br \/>\n6- Enrico Guillermo Sebasti\u00e1n Alderete Servi\u00e1n (PLRA)<br \/>\n7- Mar\u00eda Gilda Ben\u00edtez de Genez (ANR)<br \/>\n8- Dar\u00edo Gonz\u00e1lez Paredez (ANR)<br \/>\n9- Juan Antonio Rojas Sanabria (PLRA)<br \/>\n10- Nelson Gonz\u00e1lez Leiva (ANR)<br \/>\n11- Arsenio Jara Rotela (ANR)<br \/>\n12- Alcides Caballero Ben\u00edtez (PLRA)<br \/>\n13- Oscar Osmar Miranda C\u00e1ceres (ANR)<\/p>\n<p style=\"text-align: left\">14- Atilio Silvera D\u00e1valos (ANR)<\/p>\n<p style=\"text-align: left\">15- Roc\u00edo Jazm\u00edn Janice Girala Ayala (PLRA)<\/p>\n<p>&nbsp;<\/p>\n","protected":false},"excerpt":{"rendered":"<p>Presidente de la Junta Departamental Rub\u00e9n Alejandro Fanego Bogado (ANR) \u00a0Miembros Concejales Departamentales: 1- Arnaldo Ram\u00f3n Ferreira Gonz\u00e1lez (ANR) 2- Rub\u00e9n Alejandro Fanego Bogado (ANR) 3- Ana Leticia Neuman Ben\u00edtez (PLRA) 4- Carlos Fernando Marzal Cardozo (ANR) 5- Marcos Antonio Rivas Villagra (ANR) 6- Enrico Guillermo Sebasti\u00e1n Alderete Servi\u00e1n (PLRA) 7- Mar\u00eda Gilda Ben\u00edtez de &#8230; <a title=\"Junta Departamental\" class=\"read-more\" href=\"https:\/\/www.gobernaciones.gov.py\/guaira\/junta-departamental\/\" aria-label=\"Leer m\u00e1s sobre Junta Departamental\">Leer Mas&#8230;<\/a><\/p>\n","protected":false},"author":4,"featured_media":0,"parent":0,"menu_order":0,"comment_status":"closed","ping_status":"closed","template":"","meta":{"generate_page_header":"","footnotes":""},"class_list":["post-50","page","type-page","status-publish"],"_links":{"self":[{"href":"https:\/\/www.gobernaciones.gov.py\/guaira\/wp-json\/wp\/v2\/pages\/50","targetHints":{"allow":["GET"]}}],"collection":[{"href":"https:\/\/www.gobernaciones.gov.py\/guaira\/wp-json\/wp\/v2\/pages"}],"about":[{"href":"https:\/\/www.gobernaciones.gov.py\/guaira\/wp-json\/wp\/v2\/types\/page"}],"author":[{"embeddable":true,"href":"https:\/\/www.gobernaciones.gov.py\/guaira\/wp-json\/wp\/v2\/users\/4"}],"replies":[{"embeddable":true,"href":"https:\/\/www.gobernaciones.gov.py\/guaira\/wp-json\/wp\/v2\/comments?post=50"}],"version-history":[{"count":18,"href":"https:\/\/www.gobernaciones.gov.py\/guaira\/wp-json\/wp\/v2\/pages\/50\/revisions"}],"predecessor-version":[{"id":1711,"href":"https:\/\/www.gobernaciones.gov.py\/guaira\/wp-json\/wp\/v2\/pages\/50\/revisions\/1711"}],"wp:attachment":[{"href":"https:\/\/www.gobernaciones.gov.py\/guaira\/wp-json\/wp\/v2\/media?parent=50"}],"curies":[{"name":"wp","href":"https:\/\/api.w.org\/{rel}","templated":true}]}}