{"id":53,"date":"2016-02-10T14:53:18","date_gmt":"2016-02-10T14:53:18","guid":{"rendered":"https:\/\/www.gobernaciones.gov.py\/guaira\/?page_id=53"},"modified":"2024-07-24T13:45:05","modified_gmt":"2024-07-24T13:45:05","slug":"contactos","status":"publish","type":"page","link":"https:\/\/www.gobernaciones.gov.py\/guaira\/contactos\/","title":{"rendered":"Contactos"},"content":{"rendered":"<h2 style=\"text-align: center\"><strong>Datos de la Gobernaci\u00f3n<\/strong><\/h2>\n<p style=\"text-align: left\"><strong>Direcci\u00f3n:<\/strong> Gral. D\u00edaz y San Roque Gonz\u00e1lez de Santa Cruz 5000, Villarrica del Esp\u00edritu Santo<br \/>\n<strong>Telefono\/Fax:<\/strong> (0541) 43274<br \/>\n<strong>Correo electr\u00f3nico: secretariageneral@guaira.gov.py<\/strong><br \/>\n<strong>Sitio Web:<\/strong>\u00a0<a href=\"https:\/\/www.gobernaciones.gov.py\/guaira\/\" target=\"_blank\" rel=\"noopener\">www.gobernaciones.gov.py\/guaira<\/a><br \/>\n<strong>Redes Sociales:\u00a0<\/strong><a href=\"https:\/\/www.facebook.com\/Gobernaci%C3%B3n-de-Guair%C3%A1-345831088780651\/\" target=\"_blank\" rel=\"noopener\">Facebook Gobernaci\u00f3n de Guair\u00e1.-<\/a><br \/>\n<strong>Horario de Atenci\u00f3n:<\/strong> Lunes a Viernes de 07:00 a 15:00 horas<br \/>\n<strong>Organigrama:\u00a0<\/strong><a href=\"https:\/\/www.gobernaciones.gov.py\/guaira\/wp-content\/uploads\/sites\/49\/2016\/02\/ESTRUCTURA-ORGANIZACIONAL.pdf\" target=\"_blank\" rel=\"noopener\">Estructura Organizacional<\/a><\/p>\n","protected":false},"excerpt":{"rendered":"<p>Datos de la Gobernaci\u00f3n Direcci\u00f3n: Gral. D\u00edaz y San Roque Gonz\u00e1lez de Santa Cruz 5000, Villarrica del Esp\u00edritu Santo Telefono\/Fax: (0541) 43274 Correo electr\u00f3nico: secretariageneral@guaira.gov.py Sitio Web:\u00a0www.gobernaciones.gov.py\/guaira Redes Sociales:\u00a0Facebook Gobernaci\u00f3n de Guair\u00e1.- Horario de Atenci\u00f3n: Lunes a Viernes de 07:00 a 15:00 horas Organigrama:\u00a0Estructura Organizacional<\/p>\n","protected":false},"author":4,"featured_media":0,"parent":0,"menu_order":0,"comment_status":"closed","ping_status":"closed","template":"","meta":{"generate_page_header":"","footnotes":""},"class_list":["post-53","page","type-page","status-publish"],"_links":{"self":[{"href":"https:\/\/www.gobernaciones.gov.py\/guaira\/wp-json\/wp\/v2\/pages\/53","targetHints":{"allow":["GET"]}}],"collection":[{"href":"https:\/\/www.gobernaciones.gov.py\/guaira\/wp-json\/wp\/v2\/pages"}],"about":[{"href":"https:\/\/www.gobernaciones.gov.py\/guaira\/wp-json\/wp\/v2\/types\/page"}],"author":[{"embeddable":true,"href":"https:\/\/www.gobernaciones.gov.py\/guaira\/wp-json\/wp\/v2\/users\/4"}],"replies":[{"embeddable":true,"href":"https:\/\/www.gobernaciones.gov.py\/guaira\/wp-json\/wp\/v2\/comments?post=53"}],"version-history":[{"count":12,"href":"https:\/\/www.gobernaciones.gov.py\/guaira\/wp-json\/wp\/v2\/pages\/53\/revisions"}],"predecessor-version":[{"id":1421,"href":"https:\/\/www.gobernaciones.gov.py\/guaira\/wp-json\/wp\/v2\/pages\/53\/revisions\/1421"}],"wp:attachment":[{"href":"https:\/\/www.gobernaciones.gov.py\/guaira\/wp-json\/wp\/v2\/media?parent=53"}],"curies":[{"name":"wp","href":"https:\/\/api.w.org\/{rel}","templated":true}]}}